{"id":55,"date":"2013-01-01T20:46:44","date_gmt":"2013-01-01T18:46:44","guid":{"rendered":"http:\/\/kottig.net\/kampfmaus\/?page_id=55"},"modified":"2018-03-24T00:03:54","modified_gmt":"2018-03-23T22:03:54","slug":"termine-preise","status":"publish","type":"page","link":"http:\/\/kottig.net\/kampfmaus\/termine-preise\/","title":{"rendered":"Termine &#038; Preise f\u00fcr die Kampfm\u00e4use"},"content":{"rendered":"<p><strong>Trainingszeiten:<\/strong><\/p>\n<ul>\n<li><strong>mittwochs<\/strong> in der Zeit von <strong>16-16:45 Uhr<\/strong><\/li>\n<\/ul>\n<p>Die Geb\u00fchr betr\u00e4gt 25\u20ac\/Monat. Bei F\u00f6rderung durch die M\u00fcnsterlandkarte sind 15\u20ac selbst zu tragen.<\/p>\n<p>Jedes neue Kind darf bei uns erst einmal schnuppern (da die Gruppengr\u00f6\u00dfe gewahrt bleiben muss, bitte unbedingt vorher anmelden!)<\/p>\n<p>F\u00fcr Kinder mit besonderen Bed\u00fcrfnissen sind individuelle Angebote m\u00f6glich \u2013 sprechen Sie uns an!<\/p>\n<p><strong>Ort:<\/strong><\/p>\n<p>Sporthalle I, Gymnastikraum<\/p>\n<p>Laubstiege, Gronau<\/p>\n<p>Flyer zum Download:&nbsp;<a title=\"Flyer Kampfm\u00e4use\" href=\"http:\/\/kottig.net\/kampfmaus\/wp-content\/documents\/flyermaus.pdf\"> Infobrosch\u00fcre<\/a><\/p>\n<p>Derzeit ist der Kurs gut gef\u00fcllt, wir nehmen aber gerne Ihre Voranmeldung entgegen und setzen Ihr Kind auf die Warteliste.<\/p>\n<p>&nbsp;<\/p>\n<p><strong>Kontakt:<\/strong><\/p>\n<p>Tel.: 0179\/11 45 162 (J. Weiter)<\/p>\n<p>eMail: info@bewegen-und-sprechen.de<\/p>\n","protected":false},"excerpt":{"rendered":"<p>Trainingszeiten: mittwochs in der Zeit von 16-16:45 Uhr Die Geb\u00fchr betr\u00e4gt 25\u20ac\/Monat. Bei F\u00f6rderung durch die M\u00fcnsterlandkarte sind 15\u20ac selbst zu tragen. Jedes neue Kind darf bei uns erst einmal schnuppern (da die Gruppengr\u00f6\u00dfe gewahrt bleiben muss, bitte unbedingt vorher anmelden!) F\u00fcr Kinder mit besonderen Bed\u00fcrfnissen sind individuelle Angebote m\u00f6glich \u2013 sprechen Sie uns an! [&hellip;]<\/p>\n","protected":false},"author":1,"featured_media":0,"parent":0,"menu_order":0,"comment_status":"closed","ping_status":"closed","template":"","meta":{"footnotes":""},"_links":{"self":[{"href":"http:\/\/kottig.net\/kampfmaus\/wp-json\/wp\/v2\/pages\/55"}],"collection":[{"href":"http:\/\/kottig.net\/kampfmaus\/wp-json\/wp\/v2\/pages"}],"about":[{"href":"http:\/\/kottig.net\/kampfmaus\/wp-json\/wp\/v2\/types\/page"}],"author":[{"embeddable":true,"href":"http:\/\/kottig.net\/kampfmaus\/wp-json\/wp\/v2\/users\/1"}],"replies":[{"embeddable":true,"href":"http:\/\/kottig.net\/kampfmaus\/wp-json\/wp\/v2\/comments?post=55"}],"version-history":[{"count":17,"href":"http:\/\/kottig.net\/kampfmaus\/wp-json\/wp\/v2\/pages\/55\/revisions"}],"predecessor-version":[{"id":295,"href":"http:\/\/kottig.net\/kampfmaus\/wp-json\/wp\/v2\/pages\/55\/revisions\/295"}],"wp:attachment":[{"href":"http:\/\/kottig.net\/kampfmaus\/wp-json\/wp\/v2\/media?parent=55"}],"curies":[{"name":"wp","href":"https:\/\/api.w.org\/{rel}","templated":true}]}}