{"id":356,"date":"2019-10-03T16:22:39","date_gmt":"2019-10-03T14:22:39","guid":{"rendered":"http:\/\/kottig.net\/kampfmaus\/?page_id=356"},"modified":"2019-10-03T16:55:23","modified_gmt":"2019-10-03T14:55:23","slug":"infos-zu-karate-ingolstadt","status":"publish","type":"page","link":"http:\/\/kottig.net\/kampfmaus\/karate-ingolstadt\/infos-zu-karate-ingolstadt\/","title":{"rendered":"\u00fcber uns"},"content":{"rendered":"\n<p><br>Wir \u00fcben in unserem Verein Karate im Stil des Ryuei Ryu. Dieser okinawische Stil ist in Europa sonst nicht repr\u00e4sentiert; er wird bislang nur auf Okinawa selbst und in einigen wenigen Orten in den USA gelehrt. Unser Verein verbindet eine freundschaftliche Beziehung zu dem Karateverein Karate Gronau e.V. in Westfalen, welche als einziger Verein Mitglied in der Ryuei Ryu Familie in Deutschland ist. Unser Trainer Savas Atas (4. DAN) hat in Gronau unter Leitung von Haki Celikkol (7.DAN) \u00fcber viele Jahre das Ryuei Ryu Karate erlernt und war auch in Gronau als Trainer aktiv t\u00e4tig.<br><br>Durch einen beruflich bedingten Wechsel der Arbeitsstelle nach Ingolstadt k\u00f6nnen wir nun diesen besonderen Karatestil auch hier bei uns in Ingolstadt anbieten.<br> <br><img loading=\"lazy\" decoding=\"async\" width=\"2592\" height=\"1936\" class=\"wp-image-345\" style=\"width: 150px;\" src=\"http:\/\/kottig.net\/kampfmaus\/wp-content\/uploads\/2019\/10\/IMG_3150.jpg\" alt=\"\" srcset=\"http:\/\/kottig.net\/kampfmaus\/wp-content\/uploads\/2019\/10\/IMG_3150.jpg 2592w, http:\/\/kottig.net\/kampfmaus\/wp-content\/uploads\/2019\/10\/IMG_3150-300x224.jpg 300w, http:\/\/kottig.net\/kampfmaus\/wp-content\/uploads\/2019\/10\/IMG_3150-768x574.jpg 768w, http:\/\/kottig.net\/kampfmaus\/wp-content\/uploads\/2019\/10\/IMG_3150-1024x765.jpg 1024w\" sizes=\"(max-width: 2592px) 100vw, 2592px\" \/><\/p>\n","protected":false},"excerpt":{"rendered":"<p>Wir \u00fcben in unserem Verein Karate im Stil des Ryuei Ryu. Dieser okinawische Stil ist in Europa sonst nicht repr\u00e4sentiert; er wird bislang nur auf Okinawa selbst und in einigen wenigen Orten in den USA gelehrt. Unser Verein verbindet eine freundschaftliche Beziehung zu dem Karateverein Karate Gronau e.V. in Westfalen, welche als einziger Verein Mitglied [&hellip;]<\/p>\n","protected":false},"author":1,"featured_media":0,"parent":341,"menu_order":0,"comment_status":"closed","ping_status":"closed","template":"","meta":{"footnotes":""},"_links":{"self":[{"href":"http:\/\/kottig.net\/kampfmaus\/wp-json\/wp\/v2\/pages\/356"}],"collection":[{"href":"http:\/\/kottig.net\/kampfmaus\/wp-json\/wp\/v2\/pages"}],"about":[{"href":"http:\/\/kottig.net\/kampfmaus\/wp-json\/wp\/v2\/types\/page"}],"author":[{"embeddable":true,"href":"http:\/\/kottig.net\/kampfmaus\/wp-json\/wp\/v2\/users\/1"}],"replies":[{"embeddable":true,"href":"http:\/\/kottig.net\/kampfmaus\/wp-json\/wp\/v2\/comments?post=356"}],"version-history":[{"count":3,"href":"http:\/\/kottig.net\/kampfmaus\/wp-json\/wp\/v2\/pages\/356\/revisions"}],"predecessor-version":[{"id":360,"href":"http:\/\/kottig.net\/kampfmaus\/wp-json\/wp\/v2\/pages\/356\/revisions\/360"}],"up":[{"embeddable":true,"href":"http:\/\/kottig.net\/kampfmaus\/wp-json\/wp\/v2\/pages\/341"}],"wp:attachment":[{"href":"http:\/\/kottig.net\/kampfmaus\/wp-json\/wp\/v2\/media?parent=356"}],"curies":[{"name":"wp","href":"https:\/\/api.w.org\/{rel}","templated":true}]}}